{"id":49327,"date":"2025-01-28T23:12:40","date_gmt":"2025-01-29T04:12:40","guid":{"rendered":"https:\/\/covid.securimed.ca\/%d8%ad%d8%ac%d8%b2-%d8%a7%d9%84%d9%81%d8%ad%d8%b5-%d8%a7%d9%84%d8%b7%d8%a8%d9%8a-%d8%a7%d9%84%d9%87%d8%ac%d8%b1%d8%a9\/"},"modified":"2025-01-28T23:12:50","modified_gmt":"2025-01-29T04:12:50","slug":"%d8%ad%d8%ac%d8%b2-%d8%a7%d9%84%d9%81%d8%ad%d8%b5-%d8%a7%d9%84%d8%b7%d8%a8%d9%8a-%d8%a7%d9%84%d9%87%d8%ac%d8%b1%d8%a9","status":"publish","type":"page","link":"https:\/\/covid.securimed.ca\/ar\/%d8%ad%d8%ac%d8%b2-%d8%a7%d9%84%d9%81%d8%ad%d8%b5-%d8%a7%d9%84%d8%b7%d8%a8%d9%8a-%d8%a7%d9%84%d9%87%d8%ac%d8%b1%d8%a9\/","title":{"rendered":"\u062d\u062c\u0632 \u0627\u0644\u0641\u062d\u0635 \u0627\u0644\u0637\u0628\u064a &#8211; \u0627\u0644\u0647\u062c\u0631\u0629"},"content":{"rendered":"","protected":false},"excerpt":{"rendered":"","protected":false},"author":2,"featured_media":0,"parent":0,"menu_order":0,"comment_status":"closed","ping_status":"closed","template":"","meta":{"_acf_changed":false,"footnotes":""},"class_list":["post-49327","page","type-page","status-publish","hentry"],"acf":[],"yoast_head":"<!-- This site is optimized with the Yoast SEO plugin v25.0 - https:\/\/yoast.com\/wordpress\/plugins\/seo\/ -->\n<title>\u062d\u062c\u0632 \u0627\u0644\u0641\u062d\u0635 \u0627\u0644\u0637\u0628\u064a - \u0627\u0644\u0647\u062c\u0631\u0629 - SECURIMED<\/title>\n<meta name=\"description\" content=\"R\u00e9servation pour les examens m\u00e9dicaux pour immigration Canada. Rendez-vous pour les cliniques de Montr\u00e9al, Sherbrooke, Qu\u00e9bec, L\u00e9vis\" \/>\n<meta name=\"robots\" content=\"index, follow, max-snippet:-1, max-image-preview:large, max-video-preview:-1\" \/>\n<link rel=\"canonical\" href=\"https:\/\/covid.securimed.ca\/reservation-examen-medical-immigration\/\" \/>\n<meta property=\"og:locale\" content=\"ar_AR\" \/>\n<meta property=\"og:type\" content=\"article\" \/>\n<meta property=\"og:title\" content=\"\u062d\u062c\u0632 \u0627\u0644\u0641\u062d\u0635 \u0627\u0644\u0637\u0628\u064a - \u0627\u0644\u0647\u062c\u0631\u0629 - SECURIMED\" \/>\n<meta property=\"og:description\" content=\"R\u00e9servation pour les examens m\u00e9dicaux pour immigration Canada. Rendez-vous pour les cliniques de Montr\u00e9al, Sherbrooke, Qu\u00e9bec, L\u00e9vis\" \/>\n<meta property=\"og:url\" content=\"https:\/\/covid.securimed.ca\/reservation-examen-medical-immigration\/\" \/>\n<meta property=\"og:site_name\" content=\"SECURIMED\" \/>\n<meta property=\"article:modified_time\" content=\"2025-01-29T04:12:50+00:00\" \/>\n<meta name=\"twitter:card\" content=\"summary_large_image\" \/>\n<script type=\"application\/ld+json\" class=\"yoast-schema-graph\">{\"@context\":\"https:\/\/schema.org\",\"@graph\":[{\"@type\":\"WebPage\",\"@id\":\"https:\/\/covid.securimed.ca\/reservation-examen-medical-immigration\/\",\"url\":\"https:\/\/covid.securimed.ca\/reservation-examen-medical-immigration\/\",\"name\":\"\u062d\u062c\u0632 \u0627\u0644\u0641\u062d\u0635 \u0627\u0644\u0637\u0628\u064a - \u0627\u0644\u0647\u062c\u0631\u0629 - SECURIMED\",\"isPartOf\":{\"@id\":\"https:\/\/covid.securimed.ca\/#website\"},\"datePublished\":\"2025-01-29T04:12:40+00:00\",\"dateModified\":\"2025-01-29T04:12:50+00:00\",\"description\":\"R\u00e9servation pour les examens m\u00e9dicaux pour immigration Canada. Rendez-vous pour les cliniques de Montr\u00e9al, Sherbrooke, Qu\u00e9bec, L\u00e9vis\",\"breadcrumb\":{\"@id\":\"https:\/\/covid.securimed.ca\/reservation-examen-medical-immigration\/#breadcrumb\"},\"inLanguage\":\"ar\",\"potentialAction\":[{\"@type\":\"ReadAction\",\"target\":[\"https:\/\/covid.securimed.ca\/reservation-examen-medical-immigration\/\"]}]},{\"@type\":\"BreadcrumbList\",\"@id\":\"https:\/\/covid.securimed.ca\/reservation-examen-medical-immigration\/#breadcrumb\",\"itemListElement\":[{\"@type\":\"ListItem\",\"position\":1,\"name\":\"Home\",\"item\":\"https:\/\/covid.securimed.ca\/ar\/\"},{\"@type\":\"ListItem\",\"position\":2,\"name\":\"\u062d\u062c\u0632 \u0627\u0644\u0641\u062d\u0635 \u0627\u0644\u0637\u0628\u064a &#8211; \u0627\u0644\u0647\u062c\u0631\u0629\"}]},{\"@type\":\"WebSite\",\"@id\":\"https:\/\/covid.securimed.ca\/#website\",\"url\":\"https:\/\/covid.securimed.ca\/\",\"name\":\"SECURIMED\",\"description\":\"Le bon choix\",\"publisher\":{\"@id\":\"https:\/\/covid.securimed.ca\/#organization\"},\"potentialAction\":[{\"@type\":\"SearchAction\",\"target\":{\"@type\":\"EntryPoint\",\"urlTemplate\":\"https:\/\/covid.securimed.ca\/?s={search_term_string}\"},\"query-input\":{\"@type\":\"PropertyValueSpecification\",\"valueRequired\":true,\"valueName\":\"search_term_string\"}}],\"inLanguage\":\"ar\"},{\"@type\":\"Organization\",\"@id\":\"https:\/\/covid.securimed.ca\/#organization\",\"name\":\"Securimed\",\"url\":\"https:\/\/covid.securimed.ca\/\",\"logo\":{\"@type\":\"ImageObject\",\"inLanguage\":\"ar\",\"@id\":\"https:\/\/covid.securimed.ca\/#\/schema\/logo\/image\/\",\"url\":\"https:\/\/covid.securimed.ca\/wp-content\/uploads\/2018\/10\/logo-securimed-horizontal-FR-01.png\",\"contentUrl\":\"https:\/\/covid.securimed.ca\/wp-content\/uploads\/2018\/10\/logo-securimed-horizontal-FR-01.png\",\"width\":996,\"height\":301,\"caption\":\"Securimed\"},\"image\":{\"@id\":\"https:\/\/covid.securimed.ca\/#\/schema\/logo\/image\/\"}}]}<\/script>\n<!-- \/ Yoast SEO plugin. -->","yoast_head_json":{"title":"\u062d\u062c\u0632 \u0627\u0644\u0641\u062d\u0635 \u0627\u0644\u0637\u0628\u064a - \u0627\u0644\u0647\u062c\u0631\u0629 - SECURIMED","description":"R\u00e9servation pour les examens m\u00e9dicaux pour immigration Canada. Rendez-vous pour les cliniques de Montr\u00e9al, Sherbrooke, Qu\u00e9bec, L\u00e9vis","robots":{"index":"index","follow":"follow","max-snippet":"max-snippet:-1","max-image-preview":"max-image-preview:large","max-video-preview":"max-video-preview:-1"},"canonical":"https:\/\/covid.securimed.ca\/reservation-examen-medical-immigration\/","og_locale":"ar_AR","og_type":"article","og_title":"\u062d\u062c\u0632 \u0627\u0644\u0641\u062d\u0635 \u0627\u0644\u0637\u0628\u064a - \u0627\u0644\u0647\u062c\u0631\u0629 - SECURIMED","og_description":"R\u00e9servation pour les examens m\u00e9dicaux pour immigration Canada. Rendez-vous pour les cliniques de Montr\u00e9al, Sherbrooke, Qu\u00e9bec, L\u00e9vis","og_url":"https:\/\/covid.securimed.ca\/reservation-examen-medical-immigration\/","og_site_name":"SECURIMED","article_modified_time":"2025-01-29T04:12:50+00:00","twitter_card":"summary_large_image","schema":{"@context":"https:\/\/schema.org","@graph":[{"@type":"WebPage","@id":"https:\/\/covid.securimed.ca\/reservation-examen-medical-immigration\/","url":"https:\/\/covid.securimed.ca\/reservation-examen-medical-immigration\/","name":"\u062d\u062c\u0632 \u0627\u0644\u0641\u062d\u0635 \u0627\u0644\u0637\u0628\u064a - \u0627\u0644\u0647\u062c\u0631\u0629 - SECURIMED","isPartOf":{"@id":"https:\/\/covid.securimed.ca\/#website"},"datePublished":"2025-01-29T04:12:40+00:00","dateModified":"2025-01-29T04:12:50+00:00","description":"R\u00e9servation pour les examens m\u00e9dicaux pour immigration Canada. Rendez-vous pour les cliniques de Montr\u00e9al, Sherbrooke, Qu\u00e9bec, L\u00e9vis","breadcrumb":{"@id":"https:\/\/covid.securimed.ca\/reservation-examen-medical-immigration\/#breadcrumb"},"inLanguage":"ar","potentialAction":[{"@type":"ReadAction","target":["https:\/\/covid.securimed.ca\/reservation-examen-medical-immigration\/"]}]},{"@type":"BreadcrumbList","@id":"https:\/\/covid.securimed.ca\/reservation-examen-medical-immigration\/#breadcrumb","itemListElement":[{"@type":"ListItem","position":1,"name":"Home","item":"https:\/\/covid.securimed.ca\/ar\/"},{"@type":"ListItem","position":2,"name":"\u062d\u062c\u0632 \u0627\u0644\u0641\u062d\u0635 \u0627\u0644\u0637\u0628\u064a &#8211; \u0627\u0644\u0647\u062c\u0631\u0629"}]},{"@type":"WebSite","@id":"https:\/\/covid.securimed.ca\/#website","url":"https:\/\/covid.securimed.ca\/","name":"SECURIMED","description":"Le bon choix","publisher":{"@id":"https:\/\/covid.securimed.ca\/#organization"},"potentialAction":[{"@type":"SearchAction","target":{"@type":"EntryPoint","urlTemplate":"https:\/\/covid.securimed.ca\/?s={search_term_string}"},"query-input":{"@type":"PropertyValueSpecification","valueRequired":true,"valueName":"search_term_string"}}],"inLanguage":"ar"},{"@type":"Organization","@id":"https:\/\/covid.securimed.ca\/#organization","name":"Securimed","url":"https:\/\/covid.securimed.ca\/","logo":{"@type":"ImageObject","inLanguage":"ar","@id":"https:\/\/covid.securimed.ca\/#\/schema\/logo\/image\/","url":"https:\/\/covid.securimed.ca\/wp-content\/uploads\/2018\/10\/logo-securimed-horizontal-FR-01.png","contentUrl":"https:\/\/covid.securimed.ca\/wp-content\/uploads\/2018\/10\/logo-securimed-horizontal-FR-01.png","width":996,"height":301,"caption":"Securimed"},"image":{"@id":"https:\/\/covid.securimed.ca\/#\/schema\/logo\/image\/"}}]}},"_links":{"self":[{"href":"https:\/\/covid.securimed.ca\/ar\/wp-json\/wp\/v2\/pages\/49327","targetHints":{"allow":["GET"]}}],"collection":[{"href":"https:\/\/covid.securimed.ca\/ar\/wp-json\/wp\/v2\/pages"}],"about":[{"href":"https:\/\/covid.securimed.ca\/ar\/wp-json\/wp\/v2\/types\/page"}],"author":[{"embeddable":true,"href":"https:\/\/covid.securimed.ca\/ar\/wp-json\/wp\/v2\/users\/2"}],"replies":[{"embeddable":true,"href":"https:\/\/covid.securimed.ca\/ar\/wp-json\/wp\/v2\/comments?post=49327"}],"version-history":[{"count":1,"href":"https:\/\/covid.securimed.ca\/ar\/wp-json\/wp\/v2\/pages\/49327\/revisions"}],"predecessor-version":[{"id":49328,"href":"https:\/\/covid.securimed.ca\/ar\/wp-json\/wp\/v2\/pages\/49327\/revisions\/49328"}],"wp:attachment":[{"href":"https:\/\/covid.securimed.ca\/ar\/wp-json\/wp\/v2\/media?parent=49327"}],"curies":[{"name":"wp","href":"https:\/\/api.w.org\/{rel}","templated":true}]}}